{"id":22,"date":"2021-04-09T17:11:18","date_gmt":"2021-04-09T15:11:18","guid":{"rendered":"https:\/\/www.dagcom.com\/shop\/?post_type=product&#038;p=22"},"modified":"2023-02-11T17:05:05","modified_gmt":"2023-02-11T16:05:05","slug":"12-post-wechat","status":"publish","type":"product","link":"https:\/\/www.dagcom.com\/shop\/prodotto\/12-post-wechat\/","title":{"rendered":"WeCom Customer Services"},"content":{"rendered":"<p>Aprire un account WeChat per un&#8217;azienda italiana \u00e8 solo il primo passo per entrare nel grande mondo cinese. Un punto importante \u00e8 certamente la comunicazione con utenti finali e stake holders. WeCom \u00e8 una soluzione che all&#8217;interno del mondo di WeChat e non solo permette di offrire un canale di comunicazione diretto\u00a0 con gli utenti, un customer service che permette all&#8217;azienda anche di conservare traccia delle conversazioni avute.<\/p>\n<p>Per maggiori informazioni leggete il nostro post &#8220;<a href=\"https:\/\/www.dagcom.com\/blog\/wecom-la-nuova-frontiera-del-customer-care-in-cina\/\">WeCom: la nuova frontiera del customer care in Cina<\/a>&#8221;<\/p>\n<h2>Che cosa comprende il servizio<\/h2>\n<ul>\n<li>Apertura account WeCom\u00a0 per aziende non residenti in Cina<\/li>\n<li>Trasmissione documenti<\/li>\n<li>Gestione verifica utente<\/li>\n<li>Consegna user e pass per accedere alla piattaforma<\/li>\n<li>Attivazione del canale sull&#8217;account WeChat aziendale<\/li>\n<\/ul>\n<p>&nbsp;<\/p>\n<h2>Periodo di validit\u00e0 del servizio<\/h2>\n<ul>\n<li>12 mesi dalla data dell&#8217;acquisto<\/li>\n<\/ul>\n<h2>Condizioni per la realizzazione del servizio<\/h2>\n<ul>\n<li>Esistenza di un account attivo (se non avete un account WeChat possiamo aiutarvi ad aprirlo)<\/li>\n<li>Disponibilit\u00e0 di user e pass per accedere all&#8217;account<\/li>\n<li>Disponibilit\u00e0 di un utente che parli cinese per rispondere alle richieste degli utenti (se non avete a disposizione una risorsa possiamo offrirvi un servizio aggiuntivo a copertura della situazione)<\/li>\n<li><\/li>\n<\/ul>\n<h2>Che cosa non comprende il servizio<\/h2>\n<ul>\n<li>L&#8217;apertura dell&#8217;account WeChat<\/li>\n<li>Personale per la gestione del servizio<\/li>\n<\/ul>\n","protected":false},"excerpt":{"rendered":"<ul>\n<li>App per realizzazione servizio di assistenza clienti<\/li>\n<li>Registrazione dell&#8217;account WeCom<\/li>\n<\/ul>\n","protected":false},"featured_media":152,"comment_status":"open","ping_status":"closed","template":"","meta":{"_et_pb_use_builder":"","_et_pb_old_content":"","_et_gb_content_width":"","_links_to":"","_links_to_target":""},"product_brand":[],"product_cat":[16,18,49],"product_tag":[],"class_list":{"0":"post-22","1":"product","2":"type-product","3":"status-publish","4":"has-post-thumbnail","6":"product_cat-social-media","7":"product_cat-social-media-cina","8":"product_cat-wechat","10":"first","11":"instock","12":"virtual","13":"taxable","14":"purchasable","15":"product-type-simple"},"yoast_head":"<!-- This site is optimized with the Yoast SEO plugin v27.4 - https:\/\/yoast.com\/product\/yoast-seo-wordpress\/ -->\n<title>WeCom Customer Services - DAG Online Shop di servizi di comunicazione<\/title>\n<meta name=\"robots\" content=\"index, follow, max-snippet:-1, max-image-preview:large, max-video-preview:-1\" \/>\n<link rel=\"canonical\" href=\"https:\/\/www.dagcom.com\/shop\/prodotto\/12-post-wechat\/\" \/>\n<meta property=\"og:locale\" content=\"it_IT\" \/>\n<meta property=\"og:type\" content=\"article\" \/>\n<meta property=\"og:title\" content=\"WeCom Customer Services - DAG Online Shop di servizi di comunicazione\" \/>\n<meta property=\"og:description\" content=\"App per realizzazione servizio di assistenza clienti  Registrazione dell&#039;account WeCom\" \/>\n<meta property=\"og:url\" content=\"https:\/\/www.dagcom.com\/shop\/prodotto\/12-post-wechat\/\" \/>\n<meta property=\"og:site_name\" content=\"DAG Online Shop di servizi di comunicazione\" \/>\n<meta property=\"article:modified_time\" content=\"2023-02-11T16:05:05+00:00\" \/>\n<meta property=\"og:image\" content=\"https:\/\/www.dagcom.com\/shop\/files\/2021\/04\/5.jpg\" \/>\n\t<meta property=\"og:image:width\" content=\"940\" \/>\n\t<meta property=\"og:image:height\" content=\"788\" \/>\n\t<meta property=\"og:image:type\" content=\"image\/jpeg\" \/>\n<meta name=\"twitter:card\" content=\"summary_large_image\" \/>\n<meta name=\"twitter:label1\" content=\"Tempo di lettura stimato\" \/>\n\t<meta name=\"twitter:data1\" content=\"2 minuti\" \/>\n<!-- \/ Yoast SEO plugin. -->","yoast_head_json":{"title":"WeCom Customer Services - DAG Online Shop di servizi di comunicazione","robots":{"index":"index","follow":"follow","max-snippet":"max-snippet:-1","max-image-preview":"max-image-preview:large","max-video-preview":"max-video-preview:-1"},"canonical":"https:\/\/www.dagcom.com\/shop\/prodotto\/12-post-wechat\/","og_locale":"it_IT","og_type":"article","og_title":"WeCom Customer Services - DAG Online Shop di servizi di comunicazione","og_description":"App per realizzazione servizio di assistenza clienti  Registrazione dell'account WeCom","og_url":"https:\/\/www.dagcom.com\/shop\/prodotto\/12-post-wechat\/","og_site_name":"DAG Online Shop di servizi di comunicazione","article_modified_time":"2023-02-11T16:05:05+00:00","og_image":[{"width":940,"height":788,"url":"https:\/\/www.dagcom.com\/shop\/files\/2021\/04\/5.jpg","type":"image\/jpeg"}],"twitter_card":"summary_large_image","twitter_misc":{"Tempo di lettura stimato":"2 minuti"},"schema":{"@context":"https:\/\/schema.org","@graph":[{"@type":"WebPage","@id":"https:\/\/www.dagcom.com\/shop\/prodotto\/12-post-wechat\/","url":"https:\/\/www.dagcom.com\/shop\/prodotto\/12-post-wechat\/","name":"WeCom Customer Services - DAG Online Shop di servizi di comunicazione","isPartOf":{"@id":"https:\/\/www.dagcom.com\/shop\/#website"},"primaryImageOfPage":{"@id":"https:\/\/www.dagcom.com\/shop\/prodotto\/12-post-wechat\/#primaryimage"},"image":{"@id":"https:\/\/www.dagcom.com\/shop\/prodotto\/12-post-wechat\/#primaryimage"},"thumbnailUrl":"https:\/\/www.dagcom.com\/shop\/files\/2021\/04\/5.jpg","datePublished":"2021-04-09T15:11:18+00:00","dateModified":"2023-02-11T16:05:05+00:00","breadcrumb":{"@id":"https:\/\/www.dagcom.com\/shop\/prodotto\/12-post-wechat\/#breadcrumb"},"inLanguage":"it-IT","potentialAction":[{"@type":"ReadAction","target":["https:\/\/www.dagcom.com\/shop\/prodotto\/12-post-wechat\/"]}]},{"@type":"ImageObject","inLanguage":"it-IT","@id":"https:\/\/www.dagcom.com\/shop\/prodotto\/12-post-wechat\/#primaryimage","url":"https:\/\/www.dagcom.com\/shop\/files\/2021\/04\/5.jpg","contentUrl":"https:\/\/www.dagcom.com\/shop\/files\/2021\/04\/5.jpg","width":940,"height":788,"caption":"Wecom"},{"@type":"BreadcrumbList","@id":"https:\/\/www.dagcom.com\/shop\/prodotto\/12-post-wechat\/#breadcrumb","itemListElement":[{"@type":"ListItem","position":1,"name":"Home","item":"https:\/\/www.dagcom.com\/shop\/"},{"@type":"ListItem","position":2,"name":"Shop Servizi","item":"https:\/\/www.dagcom.com\/shop\/"},{"@type":"ListItem","position":3,"name":"WeCom Customer Services"}]},{"@type":"WebSite","@id":"https:\/\/www.dagcom.com\/shop\/#website","url":"https:\/\/www.dagcom.com\/shop\/","name":"DAG Online Shop di servizi di comunicazione","description":"Agenzia Ufficio Stampa e Social Media ","potentialAction":[{"@type":"SearchAction","target":{"@type":"EntryPoint","urlTemplate":"https:\/\/www.dagcom.com\/shop\/?s={search_term_string}"},"query-input":{"@type":"PropertyValueSpecification","valueRequired":true,"valueName":"search_term_string"}}],"inLanguage":"it-IT"}]}},"_links":{"self":[{"href":"https:\/\/www.dagcom.com\/shop\/wp-json\/wp\/v2\/product\/22","targetHints":{"allow":["GET"]}}],"collection":[{"href":"https:\/\/www.dagcom.com\/shop\/wp-json\/wp\/v2\/product"}],"about":[{"href":"https:\/\/www.dagcom.com\/shop\/wp-json\/wp\/v2\/types\/product"}],"replies":[{"embeddable":true,"href":"https:\/\/www.dagcom.com\/shop\/wp-json\/wp\/v2\/comments?post=22"}],"wp:featuredmedia":[{"embeddable":true,"href":"https:\/\/www.dagcom.com\/shop\/wp-json\/wp\/v2\/media\/152"}],"wp:attachment":[{"href":"https:\/\/www.dagcom.com\/shop\/wp-json\/wp\/v2\/media?parent=22"}],"wp:term":[{"taxonomy":"product_brand","embeddable":true,"href":"https:\/\/www.dagcom.com\/shop\/wp-json\/wp\/v2\/product_brand?post=22"},{"taxonomy":"product_cat","embeddable":true,"href":"https:\/\/www.dagcom.com\/shop\/wp-json\/wp\/v2\/product_cat?post=22"},{"taxonomy":"product_tag","embeddable":true,"href":"https:\/\/www.dagcom.com\/shop\/wp-json\/wp\/v2\/product_tag?post=22"}],"curies":[{"name":"wp","href":"https:\/\/api.w.org\/{rel}","templated":true}]}}