{"id":681,"date":"2023-11-07T16:21:09","date_gmt":"2023-11-07T15:21:09","guid":{"rendered":"https:\/\/www.dagcom.com\/demo\/milkdairy\/?page_id=681"},"modified":"2025-06-12T11:02:20","modified_gmt":"2025-06-12T09:02:20","slug":"the-campaign-zh","status":"publish","type":"page","link":"https:\/\/www.dagcom.com\/demo\/milkdairy\/the-campaign-zh\/","title":{"rendered":"The Campaign &#8211; ZH"},"content":{"rendered":"[et_pb_section fb_built=&#8221;1&#8243; fullwidth=&#8221;on&#8221; _builder_version=&#8221;4.22.2&#8243; _module_preset=&#8221;default&#8221; global_colors_info=&#8221;{}&#8221;][et_pb_fullwidth_code _builder_version=&#8221;4.23&#8243; _module_preset=&#8221;default&#8221; global_colors_info=&#8221;{}&#8221;][\/et_pb_fullwidth_code][\/et_pb_section][et_pb_section fb_built=&#8221;1&#8243; _builder_version=&#8221;4.22.1&#8243; _module_preset=&#8221;default&#8221; locked=&#8221;off&#8221; global_colors_info=&#8221;{}&#8221;][et_pb_row _builder_version=&#8221;4.27.4&#8243; _module_preset=&#8221;default&#8221; global_colors_info=&#8221;{}&#8221;][et_pb_column type=&#8221;4_4&#8243; _builder_version=&#8221;4.27.4&#8243; _module_preset=&#8221;default&#8221; global_colors_info=&#8221;{}&#8221;][et_pb_video src_webm=&#8221;http:\/\/www.dagcom.com\/demo\/milkdairy\/wp-content\/uploads\/sites\/15\/2025\/01\/00_MilkDairy-Campaign_Chinese.mp4&#8243; image_src=&#8221;http:\/\/www.dagcom.com\/demo\/milkdairy\/wp-content\/uploads\/sites\/15\/2025\/01\/Senza-titolo-1.jpg&#8221; play_icon_color=&#8221;#0C71C3&#8243; font_icon=&#8221;&#x49;||divi||400&#8243; _builder_version=&#8221;4.27.4&#8243; _module_preset=&#8221;default&#8221; global_colors_info=&#8221;{}&#8221;][\/et_pb_video][\/et_pb_column][\/et_pb_row][et_pb_row column_structure=&#8221;3_5,2_5&#8243; _builder_version=&#8221;4.22.1&#8243; _module_preset=&#8221;default&#8221; global_colors_info=&#8221;{}&#8221;][et_pb_column type=&#8221;3_5&#8243; _builder_version=&#8221;4.22.1&#8243; _module_preset=&#8221;default&#8221; global_colors_info=&#8221;{}&#8221;][et_pb_text admin_label=&#8221;Text&#8221; _builder_version=&#8221;4.23.1&#8243; background_size=&#8221;initial&#8221; background_position=&#8221;top_left&#8221; background_repeat=&#8221;repeat&#8221; global_colors_info=&#8221;{}&#8221;]\n<h5><strong>Milk&amp;Dairy&#8211;\u6b27\u6d32\u4e73\u54c1\u54c1\u8d28<\/strong><\/h5>\n<p><span style=\"font-weight: 400;\">&#8220;Milk&amp;Dairy&#8211;\u6b27\u6d32\u4e73\u54c1\u54c1\u8d28 &#8220;\u662f\u4e00\u4e2a\u4e3a\u671f\u4e09\u5e74\u7684\u5ba3\u4f20\u6d3b\u52a8\uff08\u4ece 2022 \u5e74\u5230 2025 \u5e74\uff09<br \/><\/span><span style=\"font-weight: 400;\">\u7531 Granlatte\u516c\u53f8\u53d1\u8d77\uff0c\u6b27\u76df\u6839\u636e\u7b2c 1144\/2014 \u53f7\u6cd5\u89c4\u5171\u540c\u8d44\u52a9\u3002\u65e8\u5728\u4fc3\u8fdb\u6b27\u6d32\u725b\u5976\u548c\u4e73\u5236\u54c1\u5728\u4e2d\u56fd\u7684\u6d88\u8d39\u3002<\/span><\/p>\n<p>&nbsp;<\/p>\n<h5><strong>Granlatte\u516c\u53f8<\/strong><\/h5>\n<p><span style=\"font-weight: 400;\">Granlatte \u662f\u4e00\u5bb6\u610f\u5927\u5229\u516c\u53f8\uff0c\u6210\u7acb\u4e8e 1957 \u5e74\uff0c\u73b0\u5df2\u6210\u4e3a\u610f\u5927\u5229\u6700\u91cd\u8981\u7684\u725b\u5976\u751f\u4ea7\u5546\uff0c\u5b83\u63a7\u5236\u7740 Granarolo S.p.A \u80a1\u4efd\u516c\u53f8\uff0c\u5171\u540c\u4ee3\u8868\u7740\u610f\u5927\u5229\u6700\u5927\u7684\u4e73\u5236\u54c1\u751f\u4ea7\u94fe\uff0c\u8be5\u751f\u4ea7\u94fe\u57fa\u4e8e\u4e00\u4e2a\u96c6\u6210\u7cfb\u7edf\uff0c\u4ece\u539f\u6599\u751f\u4ea7\u5230\u5411\u56fd\u9645\u5e02\u573a\u5206\u9500\u6210\u54c1\uff0c\u6574\u4e2a\u8fc7\u7a0b\u7684\u5404\u4e2a\u9636\u6bb5\u90fd\u53d7\u5230\u63a7\u5236\u548c\u7ba1\u7406\u3002<\/span><\/p>\n<p><span style=\"font-weight: 400;\">\u8be5\u516c\u53f8\u62e5\u6709 500 \u591a\u540d\u610f\u5927\u5229\u5976\u519c\uff0c\u4ed6\u4eec\u5c06\u65b0\u9c9c\u725b\u5976\u52a0\u5de5\u6210\u53e3\u5473\u72ec\u7279\u7684\u4ea7\u54c1\uff0c\u4ee5\u6700\u9ad8\u7684\u8d28\u91cf\u548c\u5b89\u5168\u4e3a\u4fdd\u8bc1\uff0c\u53d7\u5230\u4e16\u754c\u5404\u5730\u7684\u9752\u7750\uff0c\u5176\u76ee\u7684\u662f\u51fa\u53e3\u4f20\u7edf\u7684\u7279\u8272\u4e73\u5236\u54c1\uff0c\u53d1\u6398\u725b\u5976\u8fd9\u4e00\u81ea\u7136\u754c\u6700\u5b8c\u6574\u98df\u7269\u7684\u7279\u6027\u3002<\/span><\/p>\n<p>&nbsp;<\/p>\n<p>&nbsp;<\/p>\n[\/et_pb_text][\/et_pb_column][et_pb_column type=&#8221;2_5&#8243; _builder_version=&#8221;4.22.1&#8243; _module_preset=&#8221;default&#8221; global_colors_info=&#8221;{}&#8221;][et_pb_image src=&#8221;http:\/\/www.dagcom.com\/demo\/milkdairy\/wp-content\/uploads\/sites\/15\/2023\/11\/dxc.jpg&#8221; title_text=&#8221;dxc&#8221; align=&#8221;center&#8221; force_fullwidth=&#8221;on&#8221; _builder_version=&#8221;4.23.1&#8243; _module_preset=&#8221;default&#8221; global_colors_info=&#8221;{}&#8221;][\/et_pb_image][\/et_pb_column][\/et_pb_row][\/et_pb_section]\n","protected":false},"excerpt":{"rendered":"<p>Milk&amp;Dairy&#8211;\u6b27\u6d32\u4e73\u54c1\u54c1\u8d28 &#8220;Milk&amp;Dairy&#8211;\u6b27\u6d32\u4e73\u54c1\u54c1\u8d28 &#8220;\u662f\u4e00\u4e2a\u4e3a\u671f\u4e09\u5e74\u7684\u5ba3\u4f20\u6d3b\u52a8\uff08\u4ece 2022 \u5e74\u5230 2025 \u5e74\uff09\u7531 Granlatte\u516c\u53f8\u53d1\u8d77\uff0c\u6b27\u76df\u6839\u636e\u7b2c 1144\/2014 \u53f7\u6cd5\u89c4\u5171\u540c\u8d44\u52a9\u3002\u65e8\u5728\u4fc3\u8fdb\u6b27\u6d32\u725b\u5976\u548c\u4e73\u5236\u54c1\u5728\u4e2d\u56fd\u7684\u6d88\u8d39\u3002 &nbsp; Granlatte\u516c\u53f8 Granlatte \u662f\u4e00\u5bb6\u610f\u5927\u5229\u516c\u53f8\uff0c\u6210\u7acb\u4e8e 1957 \u5e74\uff0c\u73b0\u5df2\u6210\u4e3a\u610f\u5927\u5229\u6700\u91cd\u8981\u7684\u725b\u5976\u751f\u4ea7\u5546\uff0c\u5b83\u63a7\u5236\u7740 Granarolo S.p.A \u80a1\u4efd\u516c\u53f8\uff0c\u5171\u540c\u4ee3\u8868\u7740\u610f\u5927\u5229\u6700\u5927\u7684\u4e73\u5236\u54c1\u751f\u4ea7\u94fe\uff0c\u8be5\u751f\u4ea7\u94fe\u57fa\u4e8e\u4e00\u4e2a\u96c6\u6210\u7cfb\u7edf\uff0c\u4ece\u539f\u6599\u751f\u4ea7\u5230\u5411\u56fd\u9645\u5e02\u573a\u5206\u9500\u6210\u54c1\uff0c\u6574\u4e2a\u8fc7\u7a0b\u7684\u5404\u4e2a\u9636\u6bb5\u90fd\u53d7\u5230\u63a7\u5236\u548c\u7ba1\u7406\u3002 \u8be5\u516c\u53f8\u62e5\u6709 500 \u591a\u540d\u610f\u5927\u5229\u5976\u519c\uff0c\u4ed6\u4eec\u5c06\u65b0\u9c9c\u725b\u5976\u52a0\u5de5\u6210\u53e3\u5473\u72ec\u7279\u7684\u4ea7\u54c1\uff0c\u4ee5\u6700\u9ad8\u7684\u8d28\u91cf\u548c\u5b89\u5168\u4e3a\u4fdd\u8bc1\uff0c\u53d7\u5230\u4e16\u754c\u5404\u5730\u7684\u9752\u7750\uff0c\u5176\u76ee\u7684\u662f\u51fa\u53e3\u4f20\u7edf\u7684\u7279\u8272\u4e73\u5236\u54c1\uff0c\u53d1\u6398\u725b\u5976\u8fd9\u4e00\u81ea\u7136\u754c\u6700\u5b8c\u6574\u98df\u7269\u7684\u7279\u6027\u3002 &nbsp; &nbsp;<\/p>\n","protected":false},"author":1,"featured_media":0,"parent":0,"menu_order":0,"comment_status":"closed","ping_status":"closed","template":"","meta":{"_et_pb_use_builder":"on","_et_pb_old_content":"<!-- wp:paragraph -->\r\n<p>Questa \u00e8 una pagina di esempio. Differisce da un articolo di un blog perch\u00e9 rimane sempre allo stesso posto e (in molti temi) appare nel menu di navigazione. Molte persone iniziano con una pagina di Informazioni che li presentano ai visitatori del sito. Potrebbe apparire una presentazione del tipo:<\/p>\r\n<!-- \/wp:paragraph --><!-- wp:quote -->\r\n<blockquote class=\"wp-block-quote\">\r\n<p>Ciao! Sono un fattorino ciclista di giorno, aspirante attore di notte e questo \u00e8 il mio sito web. Vivo a Los Angeles, ho un grande cane di nome Jack e mi piace la pi\u00f1a colada. (E prendere la pioggia)<\/p>\r\n<\/blockquote>\r\n<!-- \/wp:quote --><!-- wp:paragraph -->\r\n<p>...o qualcosa di simile:<\/p>\r\n<!-- \/wp:paragraph --><!-- wp:quote -->\r\n<blockquote class=\"wp-block-quote\">\r\n<p>La Societ\u00e0 XYZ Aggeggi \u00e8 stata fondata nel 1971 e da allora fornisce al pubblico aggeggi di ottima qualit\u00e0. Situata a Fantasilandia, XYZ impiega oltre 2.000 persone e realizza ogni sorta di aggeggio fantastico per la comunit\u00e0 di Fantasilandia.<\/p>\r\n<\/blockquote>\r\n<!-- \/wp:quote --><!-- wp:paragraph -->\r\n<p>Come nuovo utente di WordPress, dovresti andare nella tua <a href=\"https:\/\/www.dagcom.com\/demo\/milkdairy\/wp-admin\/\">Bacheca<\/a> per eliminare questa pagina, e crearne delle nuove per i tuoi contenuti. Divertiti!<\/p>\r\n<!-- \/wp:paragraph -->","_et_gb_content_width":"","footnotes":"","_links_to":"","_links_to_target":""},"class_list":["post-681","page","type-page","status-publish","hentry"],"_links":{"self":[{"href":"https:\/\/www.dagcom.com\/demo\/milkdairy\/wp-json\/wp\/v2\/pages\/681","targetHints":{"allow":["GET"]}}],"collection":[{"href":"https:\/\/www.dagcom.com\/demo\/milkdairy\/wp-json\/wp\/v2\/pages"}],"about":[{"href":"https:\/\/www.dagcom.com\/demo\/milkdairy\/wp-json\/wp\/v2\/types\/page"}],"author":[{"embeddable":true,"href":"https:\/\/www.dagcom.com\/demo\/milkdairy\/wp-json\/wp\/v2\/users\/1"}],"replies":[{"embeddable":true,"href":"https:\/\/www.dagcom.com\/demo\/milkdairy\/wp-json\/wp\/v2\/comments?post=681"}],"version-history":[{"count":9,"href":"https:\/\/www.dagcom.com\/demo\/milkdairy\/wp-json\/wp\/v2\/pages\/681\/revisions"}],"predecessor-version":[{"id":1190,"href":"https:\/\/www.dagcom.com\/demo\/milkdairy\/wp-json\/wp\/v2\/pages\/681\/revisions\/1190"}],"wp:attachment":[{"href":"https:\/\/www.dagcom.com\/demo\/milkdairy\/wp-json\/wp\/v2\/media?parent=681"}],"curies":[{"name":"wp","href":"https:\/\/api.w.org\/{rel}","templated":true}]}}