{"id":3516,"date":"2019-02-05T14:24:48","date_gmt":"2019-02-05T14:24:48","guid":{"rendered":"http:\/\/www.dagcom.com\/VPO\/?page_id=3516"},"modified":"2019-02-05T14:29:55","modified_gmt":"2019-02-05T14:29:55","slug":"manomano","status":"publish","type":"page","link":"http:\/\/www.dagcom.com\/VPO\/manomano\/","title":{"rendered":"ManoMano"},"content":{"rendered":"[et_pb_section bb_built=&#8221;1&#8243;][et_pb_row][et_pb_column type=&#8221;1_3&#8243;][et_pb_text background_layout=&#8221;light&#8221; text_orientation=&#8221;left&#8221; background_position=&#8221;top_left&#8221; background_repeat=&#8221;repeat&#8221; background_size=&#8221;initial&#8221; _builder_version=&#8221;3.17.2&#8243;]\n<p>.<\/p>\n[\/et_pb_text][\/et_pb_column][et_pb_column type=&#8221;1_3&#8243;][et_pb_text background_position=&#8221;top_left&#8221; background_repeat=&#8221;repeat&#8221; background_size=&#8221;initial&#8221; _builder_version=&#8221;3.17.2&#8243;]\n<p><a href=\"http:\/\/www.dagcom.com\/VPO\/wp-content\/uploads\/2019\/02\/ManoMano_logo.png\"><img loading=\"lazy\" class=\"aligncenter size-medium wp-image-3517\" src=\"http:\/\/www.dagcom.com\/VPO\/wp-content\/uploads\/2019\/02\/ManoMano_logo-300x95.png\" alt=\"\" width=\"300\" height=\"95\" srcset=\"http:\/\/www.dagcom.com\/VPO\/wp-content\/uploads\/2019\/02\/ManoMano_logo-300x95.png 300w, http:\/\/www.dagcom.com\/VPO\/wp-content\/uploads\/2019\/02\/ManoMano_logo-768x243.png 768w, http:\/\/www.dagcom.com\/VPO\/wp-content\/uploads\/2019\/02\/ManoMano_logo-1024x324.png 1024w, http:\/\/www.dagcom.com\/VPO\/wp-content\/uploads\/2019\/02\/ManoMano_logo-1080x342.png 1080w, http:\/\/www.dagcom.com\/VPO\/wp-content\/uploads\/2019\/02\/ManoMano_logo.png 1600w\" sizes=\"(max-width: 300px) 100vw, 300px\" \/><\/a><\/p>\n[\/et_pb_text][\/et_pb_column][et_pb_column type=&#8221;1_3&#8243;][et_pb_text background_layout=&#8221;light&#8221; text_orientation=&#8221;left&#8221; background_position=&#8221;top_left&#8221; background_repeat=&#8221;repeat&#8221; background_size=&#8221;initial&#8221;]\n<p style=\"text-align: right;\">.<\/p>\n[\/et_pb_text][\/et_pb_column][\/et_pb_row][et_pb_row][et_pb_column type=&#8221;4_4&#8243;][et_pb_text background_position=&#8221;top_left&#8221; background_repeat=&#8221;repeat&#8221; background_size=&#8221;initial&#8221; _builder_version=&#8221;3.17.2&#8243;]\n<h2 style=\"text-align: center;\">\u00a0ManoMano<\/h2>\n<p>ManoMano nasce nel 2013 da un\u2019idea di due colleghi di lavoro, Philippe de Chanville e Christian Raisson, grandi appassionati di fai da te. Entrambi si rendono conto che c\u2019\u00e8 qualcosa che manca nel mondo del bricolage e del giardinaggio: la scelta online di prodotti specifici per realizzare i loro progetti \u00e8 molto limitata. \u00c8 cos\u00ec che nasce l&#8217;idea di creare ManoMano, oggi primo e-commerce dedicato al fai da te e al giardinaggio in Europa. ManoMano conta oltre 370 collaboratori che dalla sede parigina gestiscono le operazioni internazionali in Francia, Italia, Spagna, Belgio, Regno Unito e Germania.<\/p>\n<p><strong>Contatti:<\/strong><\/p>\n<p>Francesca Cesa Bianchi: <a href=\"mailto:fcesabianchi@dagcom.com\">fcesabianchi@dagcom.com<\/a><\/p>\n<p>Laura Ruggeri: <a href=\"mailto:lruggeri@dagcom.com\">lruggeri@dagcom.com<\/a><\/p>\n<p>Matteo Rasset: <a href=\"mailto:mrasset@dagcom.com\">mrasset@dagcom.com<\/a><\/p>\n<p>Telefono +39 02 89054160<\/p>\n<p>&nbsp;<\/p>\n[\/et_pb_text][\/et_pb_column][\/et_pb_row][et_pb_row][et_pb_column type=&#8221;4_4&#8243;][et_pb_text _builder_version=&#8221;3.17.2&#8243;]\n<h2 style=\"text-align: center;\"><strong><span style=\"color: #ff0000;\">Press Release<\/span><\/strong><\/h2>\n[\/et_pb_text][et_pb_blog admin_label=&#8221;Comunicati Stampa&#8221; _builder_version=&#8221;3.17.2&#8243; include_categories=&#8221;124&#8243; show_author=&#8221;off&#8221; show_date=&#8221;off&#8221; show_categories=&#8221;off&#8221; fullwidth=&#8221;off&#8221; \/][\/et_pb_column][\/et_pb_row][\/et_pb_section]\n","protected":false},"excerpt":{"rendered":"<p><div class=\"et_pb_row et_pb_row_0 et_pb_row_empty\">\n\t\t\t\t\n\t\t\t\t\n\t\t\t\t\n\t\t\t\t\n\t\t\t\t\n\t\t\t<\/div> . . <div class=\"et_pb_row et_pb_row_1 et_pb_row_empty\">\n\t\t\t\t\n\t\t\t\t\n\t\t\t\t\n\t\t\t\t\n\t\t\t\t\n\t\t\t<\/div> \u00a0ManoMano ManoMano nasce nel 2013 da un\u2019idea di due colleghi di lavoro, Philippe de Chanville e Christian Raisson, grandi appassionati di fai da te. Entrambi si rendono conto che c\u2019\u00e8 qualcosa che manca nel mondo del bricolage e del giardinaggio: la scelta online di prodotti specifici per realizzare i loro progetti [&hellip;]<\/p>\n","protected":false},"author":1,"featured_media":0,"parent":0,"menu_order":0,"comment_status":"closed","ping_status":"closed","template":"","meta":{"_et_pb_use_builder":"on","_et_pb_old_content":"","_et_gb_content_width":""},"_links":{"self":[{"href":"http:\/\/www.dagcom.com\/VPO\/wp-json\/wp\/v2\/pages\/3516"}],"collection":[{"href":"http:\/\/www.dagcom.com\/VPO\/wp-json\/wp\/v2\/pages"}],"about":[{"href":"http:\/\/www.dagcom.com\/VPO\/wp-json\/wp\/v2\/types\/page"}],"author":[{"embeddable":true,"href":"http:\/\/www.dagcom.com\/VPO\/wp-json\/wp\/v2\/users\/1"}],"replies":[{"embeddable":true,"href":"http:\/\/www.dagcom.com\/VPO\/wp-json\/wp\/v2\/comments?post=3516"}],"version-history":[{"count":4,"href":"http:\/\/www.dagcom.com\/VPO\/wp-json\/wp\/v2\/pages\/3516\/revisions"}],"predecessor-version":[{"id":3524,"href":"http:\/\/www.dagcom.com\/VPO\/wp-json\/wp\/v2\/pages\/3516\/revisions\/3524"}],"wp:attachment":[{"href":"http:\/\/www.dagcom.com\/VPO\/wp-json\/wp\/v2\/media?parent=3516"}],"curies":[{"name":"wp","href":"https:\/\/api.w.org\/{rel}","templated":true}]}}