{"id":3146,"date":"2018-04-09T08:29:10","date_gmt":"2018-04-09T08:29:10","guid":{"rendered":"http:\/\/www.dagcom.com\/VPO\/?page_id=3146"},"modified":"2019-04-16T08:42:43","modified_gmt":"2019-04-16T08:42:43","slug":"rubner-haus","status":"publish","type":"page","link":"http:\/\/www.dagcom.com\/VPO\/rubner-haus\/","title":{"rendered":"Rubner Haus"},"content":{"rendered":"[et_pb_section bb_built=&#8221;1&#8243;][et_pb_row][et_pb_column type=&#8221;4_4&#8243;][et_pb_text _builder_version=&#8221;3.0.105&#8243; background_layout=&#8221;light&#8221;]\n<p><a href=\"http:\/\/www.dagcom.com\/VPO\/wp-content\/uploads\/2018\/04\/lgoo-rubne-haus.jpg\"><img loading=\"lazy\" class=\"size-medium wp-image-3147 aligncenter\" src=\"http:\/\/www.dagcom.com\/VPO\/wp-content\/uploads\/2018\/04\/lgoo-rubne-haus-300x102.jpg\" alt=\"\" width=\"300\" height=\"102\" srcset=\"http:\/\/www.dagcom.com\/VPO\/wp-content\/uploads\/2018\/04\/lgoo-rubne-haus-300x102.jpg 300w, http:\/\/www.dagcom.com\/VPO\/wp-content\/uploads\/2018\/04\/lgoo-rubne-haus.jpg 701w\" sizes=\"(max-width: 300px) 100vw, 300px\" \/><\/a><\/p>\n[\/et_pb_text][\/et_pb_column][\/et_pb_row][et_pb_row][et_pb_column type=&#8221;4_4&#8243;][et_pb_text _builder_version=&#8221;3.17.2&#8243;]\n<p style=\"text-align: center;\"><span style=\"font-size: 18pt;\">Chi \u00e8 Rubner Haus<\/span><\/p>\n<p style=\"text-align: justify;\">Nato a Chienes, in provincia di Bolzano, da una segheria ad acqua, il Gruppo Rubner, che nel 2017 ha fatturato 316M di \u20ac, impiega circa 1300 persone, conta oltre 20 societ\u00e0, ha stabilimenti in Italia, Austria, Germania e Francia e il 55% dei ricavi lo sviluppa oltre i confini nazionali. I prodotti spaziano da case e porte sino alla progettazione e realizzazione di grandi opere strutturali realizzate in legno lamellare come edifici multipiano, scuole, capannoni, stabilimenti industriali e uffici, centri commerciali, centri congressi, palestre, stadi, depositi e magazzini, hotel. Le aziende del Gruppo Rubner coprono tutta la filiera produttiva: dall\u2019industria del legno in cui sono attive RHI (Rubner Holzindustrie RHI), realt\u00e0 specializzata nella produzione di segati e semilavorati in abete; NORDPAN che produce e commercializza pannelli in legno massiccio di elevata qualit\u00e0, monostrato e multistrato e nelle pi\u00f9 vaste dimensioni e qualit\u00e0; alle strutture in legno dove RUBNER HOLZBAU rappresenta il settore pi\u00f9 dinamico e tecnologicamente avanzato del gruppo dedicato alla realizzazione di grandi costruzioni in legno lamellare dalle caratteristiche innovative o particolarmente sofisticate; dai grandi progetti \u2018chiavi in mano\u2019 in cui RUBNER OBJEKTBAU \u00e8 il General Contractor del Gruppo a cui viene affidata la progettazione e la costruzione di commesse complesse; alle case in puro legno grazie alla tecnica brevettata da holzius che consente di realizzare pareti e solai in legno senza l\u2019impiego di colla e parti. Infine, le porte in legno in cui RUBNER PORTE si \u00e8 guadagnata la fama di specialista nella produzione di porte di grande pregio per interni ed esterni \u2018su misura\u2019.<\/p>\n<p style=\"text-align: justify;\">In particolare, tra le societ\u00e0 del Gruppo, <a href=\"http:\/\/www.haus.rubner.com\/it\/casa-in-legno\/1-0.html\" target=\"_blank\" rel=\"noopener noreferrer\"><strong>RUBNER HAUS<\/strong><\/a> realizza case in legno coniugando tradizione e innovazione da oltre 50 anni., con 54 mln di fatturato nel 2017 e 300 dipendenti. Rubner Haus ha realizzato pi\u00f9 di 25.000 edifici e oggi \u00e8 l\u2019unica azienda europea capace di offrire 3 differenti soluzioni costruttive: Blockhaus per case in legno massiccio, Telaio, sistema costruttivo ad intelaiatura di legno, e Casablanca per case in legno massiccio intonacato.<\/p>\n<p>&nbsp;<\/p>\n<p><em>Contatti:<\/em><\/p>\n<p><strong>Sara Brambilla<\/strong> sbrambilla@dagcom.com\u00a002 89054168<\/p>\n<p><strong>Barbara D&#8217;Incecco<\/strong> bdincecco@dagcom.com\u00a002 89054160<\/p>\n[\/et_pb_text][\/et_pb_column][\/et_pb_row][et_pb_row][et_pb_column type=&#8221;4_4&#8243;][et_pb_text _builder_version=&#8221;3.17.2&#8243;]\n<p style=\"text-align: center;\"><strong><span style=\"font-size: 18pt;\">Fuorisalone 2019\u00a0<\/span><\/strong><\/p>\n<p style=\"text-align: center;\"><em><span style=\"font-size: 14pt;\">Press Kit<\/span><\/em><\/p>\n<p>&nbsp;<\/p>\n[\/et_pb_text][\/et_pb_column][\/et_pb_row][et_pb_row][et_pb_column type=&#8221;1_2&#8243;][et_pb_blog _builder_version=&#8221;3.17.2&#8243; show_thumbnail=&#8221;off&#8221; show_more=&#8221;on&#8221; show_author=&#8221;off&#8221; show_date=&#8221;off&#8221; show_categories=&#8221;off&#8221; show_pagination=&#8221;off&#8221; pagination_font_size_tablet=&#8221;51&#8243; pagination_line_height_tablet=&#8221;2&#8243; include_categories=&#8221;125&#8243; \/][\/et_pb_column][et_pb_column type=&#8221;1_2&#8243;][et_pb_text _builder_version=&#8221;3.17.2&#8243;]\n<p><a href=\"http:\/\/www.dagcom.com\/VPO\/wp-content\/uploads\/2019\/04\/POLDHAUS.jpg\"><img loading=\"lazy\" class=\"aligncenter wp-image-3530\" src=\"http:\/\/www.dagcom.com\/VPO\/wp-content\/uploads\/2019\/04\/POLDHAUS-225x300.jpg\" alt=\"\" width=\"248\" height=\"331\" srcset=\"http:\/\/www.dagcom.com\/VPO\/wp-content\/uploads\/2019\/04\/POLDHAUS-225x300.jpg 225w, http:\/\/www.dagcom.com\/VPO\/wp-content\/uploads\/2019\/04\/POLDHAUS.jpg 480w\" sizes=\"(max-width: 248px) 100vw, 248px\" \/><\/a><\/p>\n<p style=\"text-align: center;\"><span style=\"font-size: 12pt;\"><a href=\"https:\/\/we.tl\/t-p4t71lKxEf\" target=\"_blank\" rel=\"noopener noreferrer\">Scarica qui i render di POLDHAUS<\/a><\/span><\/p>\n<p style=\"text-align: center;\"><span style=\"font-size: 12pt;\"><a href=\"https:\/\/we.tl\/t-IOOj1UuRQp\">Scarica qui le immagini in alta risoluzione di POLDHAUS<\/a><\/span><\/p>\n[\/et_pb_text][\/et_pb_column][\/et_pb_row][et_pb_row][et_pb_column type=&#8221;4_4&#8243;][et_pb_text _builder_version=&#8221;3.0.105&#8243; background_layout=&#8221;light&#8221;]\n<p style=\"text-align: center;\"><strong><span style=\"font-size: 18pt;\">Fuorisalone 2018\u00a0<\/span><\/strong><\/p>\n<p style=\"text-align: center;\"><em><span style=\"font-size: 14pt;\">Press Kit<\/span><\/em><\/p>\n<p>&nbsp;<\/p>\n[\/et_pb_text][\/et_pb_column][\/et_pb_row][et_pb_row][et_pb_column type=&#8221;1_2&#8243;][et_pb_blog _builder_version=&#8221;3.0.105&#8243; show_content=&#8221;off&#8221; show_thumbnail=&#8221;off&#8221; show_more=&#8221;on&#8221; show_author=&#8221;off&#8221; show_date=&#8221;off&#8221; show_categories=&#8221;off&#8221; show_comments=&#8221;off&#8221; show_pagination=&#8221;off&#8221; fullwidth=&#8221;on&#8221; use_overlay=&#8221;off&#8221; background_layout=&#8221;light&#8221; pagination_font_size_tablet=&#8221;51&#8243; pagination_line_height_tablet=&#8221;2&#8243; include_categories=&#8221;113&#8243; \/][\/et_pb_column][et_pb_column type=&#8221;1_2&#8243;][et_pb_text _builder_version=&#8221;3.0.105&#8243; background_layout=&#8221;light&#8221;]\n<p><a href=\"http:\/\/www.dagcom.com\/VPO\/wp-content\/uploads\/2018\/04\/Rubner-Haus-SpaceShip9.jpg\"><img loading=\"lazy\" class=\" wp-image-3163 aligncenter\" src=\"http:\/\/www.dagcom.com\/VPO\/wp-content\/uploads\/2018\/04\/Rubner-Haus-SpaceShip9-300x138.jpg\" alt=\"\" width=\"355\" height=\"163\" srcset=\"http:\/\/www.dagcom.com\/VPO\/wp-content\/uploads\/2018\/04\/Rubner-Haus-SpaceShip9-300x138.jpg 300w, http:\/\/www.dagcom.com\/VPO\/wp-content\/uploads\/2018\/04\/Rubner-Haus-SpaceShip9-768x353.jpg 768w, http:\/\/www.dagcom.com\/VPO\/wp-content\/uploads\/2018\/04\/Rubner-Haus-SpaceShip9-1024x471.jpg 1024w, http:\/\/www.dagcom.com\/VPO\/wp-content\/uploads\/2018\/04\/Rubner-Haus-SpaceShip9-1080x497.jpg 1080w\" sizes=\"(max-width: 355px) 100vw, 355px\" \/><\/a><\/p>\n<p style=\"text-align: center;\"><span style=\"font-size: 12pt;\"><a href=\"https:\/\/we.tl\/ck5uu7eVjt\" target=\"_blank\" rel=\"noopener noreferrer\">Scarica qui le immagini in alta risoluzione di Rubner Haus Spacehip<\/a><\/span><\/p>\n[\/et_pb_text][\/et_pb_column][\/et_pb_row][\/et_pb_section]\n","protected":false},"excerpt":{"rendered":"<p><div class=\"et_pb_row et_pb_row_0 et_pb_row_empty\">\n\t\t\t\t\n\t\t\t\t\n\t\t\t\t\n\t\t\t\t\n\t\t\t\t\n\t\t\t<\/div> <div class=\"et_pb_row et_pb_row_1 et_pb_row_empty\">\n\t\t\t\t\n\t\t\t\t\n\t\t\t\t\n\t\t\t\t\n\t\t\t\t\n\t\t\t<\/div> Chi \u00e8 Rubner Haus Nato a Chienes, in provincia di Bolzano, da una segheria ad acqua, il Gruppo Rubner, che nel 2017 ha fatturato 316M di \u20ac, impiega circa 1300 persone, conta oltre 20 societ\u00e0, ha stabilimenti in Italia, Austria, Germania e Francia e il 55% dei ricavi lo sviluppa oltre i confini [&hellip;]<\/p>\n","protected":false},"author":1,"featured_media":0,"parent":0,"menu_order":0,"comment_status":"closed","ping_status":"closed","template":"","meta":{"_et_pb_use_builder":"on","_et_pb_old_content":"","_et_gb_content_width":""},"_links":{"self":[{"href":"http:\/\/www.dagcom.com\/VPO\/wp-json\/wp\/v2\/pages\/3146"}],"collection":[{"href":"http:\/\/www.dagcom.com\/VPO\/wp-json\/wp\/v2\/pages"}],"about":[{"href":"http:\/\/www.dagcom.com\/VPO\/wp-json\/wp\/v2\/types\/page"}],"author":[{"embeddable":true,"href":"http:\/\/www.dagcom.com\/VPO\/wp-json\/wp\/v2\/users\/1"}],"replies":[{"embeddable":true,"href":"http:\/\/www.dagcom.com\/VPO\/wp-json\/wp\/v2\/comments?post=3146"}],"version-history":[{"count":22,"href":"http:\/\/www.dagcom.com\/VPO\/wp-json\/wp\/v2\/pages\/3146\/revisions"}],"predecessor-version":[{"id":3537,"href":"http:\/\/www.dagcom.com\/VPO\/wp-json\/wp\/v2\/pages\/3146\/revisions\/3537"}],"wp:attachment":[{"href":"http:\/\/www.dagcom.com\/VPO\/wp-json\/wp\/v2\/media?parent=3146"}],"curies":[{"name":"wp","href":"https:\/\/api.w.org\/{rel}","templated":true}]}}