{"id":2694,"date":"2017-02-08T12:03:22","date_gmt":"2017-02-08T12:03:22","guid":{"rendered":"http:\/\/www.dagcom.com\/VPO\/?page_id=2694"},"modified":"2017-02-08T12:38:57","modified_gmt":"2017-02-08T12:38:57","slug":"nyx-milan","status":"publish","type":"page","link":"http:\/\/www.dagcom.com\/VPO\/nyx-milan\/","title":{"rendered":"Nyx Milan"},"content":{"rendered":"[et_pb_section][et_pb_row][et_pb_column type=&#8221;1_3&#8243;][et_pb_text admin_label=&#8221;Testo&#8221; background_layout=&#8221;light&#8221; text_orientation=&#8221;left&#8221; \/][\/et_pb_column][et_pb_column type=&#8221;1_3&#8243;][et_pb_image admin_label=&#8221;Immagine&#8221; src=&#8221;http:\/\/www.dagcom.com\/VPO\/wp-content\/uploads\/2015\/04\/Logo_NYX_Hotels_by_LH_Web.jpg&#8221; show_in_lightbox=&#8221;off&#8221; url_new_window=&#8221;off&#8221; animation=&#8221;off&#8221; sticky=&#8221;off&#8221; \/][\/et_pb_column][et_pb_column type=&#8221;1_3&#8243;][et_pb_text admin_label=&#8221;Testo&#8221; background_layout=&#8221;light&#8221; text_orientation=&#8221;left&#8221; \/][\/et_pb_column][\/et_pb_row][et_pb_row][et_pb_column type=&#8221;4_4&#8243;][et_pb_text admin_label=&#8221;Testo&#8221; background_layout=&#8221;light&#8221; text_orientation=&#8221;left&#8221;]\n<h2 style=\"text-align: center;\">Chi \u00e8\u00a0Leonardo Hotels<\/h2>\n<p>Leonardo Hotels \u00e8 la divisione europea di Fattal Hotels Group, gruppo fondato da David Fattal in Israele. Dal 2006, Leonardo Hotels \u00e8 rappresentato sul mercato europeo da oltre 75 strutture in pi\u00f9 di 40 destinazioni. Presente in Germania, Austria, Svizzera, Belgio, Paesi Bassi, Spagna, Ungheria, Repubblica Ceca e Italia, il gruppo, con oltre 13.000 camere e una capacit\u00e0 di sale conferenze superiore a 22.000 m\u00b2, offre delle strutture con un ambiente unico in cui spiccano le peculiari caratteristiche territoriali dell\u2019area in cui sono collocate.<\/p>\n<p>L\u2019headquarter di Leonardo Hotels in Europa \u00e8 a Berlino. Il gruppo oggi comprende i seguenti marchi: \u201cLeonardo Hotels\u201d, \u201cLeonardo Royal Hotels\u201d, \u201cLeonardo Boutique Hotels\u201d e \u201cNYX Hotels\u201d.<\/p>\n<p>Con NYX Hotels, il gruppo Leonardo Hotels lancia il suo quarto marchio, emblema di una generazione di hotel totalmente nuova, scegliendo Milano e l\u2019Italia come primo paese in cui investire per affermarsi in Europa<\/p>\n<p><a href=\"http:\/\/www.leonardo-hotels.com\"><em>www.leonardo-hotels.com<\/em><\/a><em>.<\/em><\/p>\n<p>&nbsp;<\/p>\n<p><strong>Contatti Stampa:<\/strong><\/p>\n<p>Barbara\u00a0Orrico tel +39 0289054165 email: <a href=\"mailto:borrico@dagcom.com\" target=\"_blank\">borrico@dagcom.com <\/a><\/p>\n<p>Carolina Giannetti tel +39 0289054151 email: <a href=\"mailto:cgiannetti@dagcom.com\" target=\"_blank\">cgiannetti@dagcom.com<\/a><\/p>\n[\/et_pb_text][\/et_pb_column][\/et_pb_row][et_pb_row][et_pb_column type=&#8221;4_4&#8243;][et_pb_text admin_label=&#8221;Testo&#8221; background_layout=&#8221;light&#8221; text_orientation=&#8221;left&#8221;]\n<h2 style=\"text-align: center;\">Comunicati stampa Leonardo Hotels<\/h2>\n[\/et_pb_text][et_pb_blog admin_label=&#8221;Blog&#8221; fullwidth=&#8221;off&#8221; posts_number=&#8221;10&#8243; include_categories=&#8221;107&#8243; meta_date=&#8221;M j, Y&#8221; show_thumbnail=&#8221;on&#8221; show_content=&#8221;off&#8221; show_more=&#8221;on&#8221; show_author=&#8221;off&#8221; show_date=&#8221;on&#8221; show_categories=&#8221;off&#8221; show_pagination=&#8221;on&#8221; offset_number=&#8221;0&#8243; background_layout=&#8221;light&#8221; \/][\/et_pb_column][\/et_pb_row][et_pb_row][et_pb_column type=&#8221;4_4&#8243;][et_pb_text admin_label=&#8221;gallery interventi artistici&#8221; background_layout=&#8221;light&#8221; text_orientation=&#8221;left&#8221;]\n<p style=\"text-align: center;\"><span style=\"font-size: 18pt;\">Immagini\u00a0Leonardo Hotels: interventi artistici\u00a0Nyx Milan<\/span><\/p>\n<p style=\"text-align: center;\">Per scaricare le immagini\u00a0in alta\u00a0risoluzione seguire il link<\/p>\n<p style=\"text-align: center;\"><a href=\"https:\/\/www.dropbox.com\/sh\/a38l7e4s27qirks\/AAD0oY0A1lzv2CIQlyc8Uduxa?dl=0\">https:\/\/www.dropbox.com\/sh\/a38l7e4s27qirks\/AAD0oY0A1lzv2CIQlyc8Uduxa?dl=0<\/a><\/p>\n<p style=\"text-align: center;\">In caso di pubblicazione\u00a0si prega\u00a0di\u00a0indicare il\u00a0nome dell&#8217;artista, foto di Marco Curatolo \u2013 LabC3<br \/>\nProgetto a cura di Question Mark e Iris Barak<\/p>\n\n\t\t<style type=\"text\/css\">\n\t\t\t#gallery-1 {\n\t\t\t\tmargin: auto;\n\t\t\t}\n\t\t\t#gallery-1 .gallery-item {\n\t\t\t\tfloat: left;\n\t\t\t\tmargin-top: 10px;\n\t\t\t\ttext-align: center;\n\t\t\t\twidth: 33%;\n\t\t\t}\n\t\t\t#gallery-1 img {\n\t\t\t\tborder: 2px solid #cfcfcf;\n\t\t\t}\n\t\t\t#gallery-1 .gallery-caption {\n\t\t\t\tmargin-left: 0;\n\t\t\t}\n\t\t\t\/* see gallery_shortcode() in wp-includes\/media.php *\/\n\t\t<\/style>\n\t\t<div id='gallery-1' class='gallery galleryid-2694 gallery-columns-3 gallery-size-thumbnail'><dl class='gallery-item'>\n\t\t\t<dt class='gallery-icon landscape'>\n\t\t\t\t<a href='http:\/\/www.dagcom.com\/VPO\/nyx\/andrea-casciu_1_1st-floor-at-nyx-milan-c-marco-curatolo-lab-c3\/'><img width=\"150\" height=\"150\" src=\"http:\/\/www.dagcom.com\/VPO\/wp-content\/uploads\/2017\/02\/Andrea-Casciu_1_1st-Floor-at-NYX-Milan-c-Marco-Curatolo-LAB-C3-150x150.jpg\" class=\"attachment-thumbnail size-thumbnail\" alt=\"\" loading=\"lazy\" \/><\/a>\n\t\t\t<\/dt><\/dl><dl class='gallery-item'>\n\t\t\t<dt class='gallery-icon landscape'>\n\t\t\t\t<a href='http:\/\/www.dagcom.com\/VPO\/nyx\/jair-martinez_2_11th-floor-at-the-nyx-milan-c-marco-curatolo-lab-c3\/'><img width=\"150\" height=\"150\" src=\"http:\/\/www.dagcom.com\/VPO\/wp-content\/uploads\/2017\/02\/Jair-Martinez_2_11th-Floor-at-the-NYX-Milan-c-Marco-Curatolo-LAB-C3-150x150.jpg\" class=\"attachment-thumbnail size-thumbnail\" alt=\"\" loading=\"lazy\" \/><\/a>\n\t\t\t<\/dt><\/dl><dl class='gallery-item'>\n\t\t\t<dt class='gallery-icon portrait'>\n\t\t\t\t<a href='http:\/\/www.dagcom.com\/VPO\/nyx\/joys-peeta_entrance-c-marco-curatolo-lab-c3\/'><img width=\"150\" height=\"150\" src=\"http:\/\/www.dagcom.com\/VPO\/wp-content\/uploads\/2017\/02\/Joys-Peeta_Entrance-c-Marco-Curatolo-LAB-C3-150x150.jpg\" class=\"attachment-thumbnail size-thumbnail\" alt=\"\" loading=\"lazy\" \/><\/a>\n\t\t\t<\/dt><\/dl><br style=\"clear: both\" \/><dl class='gallery-item'>\n\t\t\t<dt class='gallery-icon landscape'>\n\t\t\t\t<a href='http:\/\/www.dagcom.com\/VPO\/nyx\/peeta_1__9th-floor-at-the-nyx-milan-c-marco-curatolo-lab-c3\/'><img width=\"150\" height=\"150\" src=\"http:\/\/www.dagcom.com\/VPO\/wp-content\/uploads\/2017\/02\/Peeta_1__9th-Floor-at-the-NYX-Milan-c-Marco-Curatolo-LAB-C3-150x150.jpg\" class=\"attachment-thumbnail size-thumbnail\" alt=\"\" loading=\"lazy\" \/><\/a>\n\t\t\t<\/dt><\/dl><dl class='gallery-item'>\n\t\t\t<dt class='gallery-icon landscape'>\n\t\t\t\t<a href='http:\/\/www.dagcom.com\/VPO\/nyx\/seacreative_1_4th-floor-at-the-nyx-milan-c-marco-curatolo-lab-c3\/'><img width=\"150\" height=\"150\" src=\"http:\/\/www.dagcom.com\/VPO\/wp-content\/uploads\/2017\/02\/Seacreative_1_4th-Floor-at-the-NYX-Milan-c-Marco-Curatolo-LAB-C3-150x150.jpg\" class=\"attachment-thumbnail size-thumbnail\" alt=\"\" loading=\"lazy\" \/><\/a>\n\t\t\t<\/dt><\/dl><dl class='gallery-item'>\n\t\t\t<dt class='gallery-icon landscape'>\n\t\t\t\t<a href='http:\/\/www.dagcom.com\/VPO\/nyx\/skan_1_10th-floor-at-the-nyx-milan-c-marco-curatolo-lab-c3\/'><img width=\"150\" height=\"150\" src=\"http:\/\/www.dagcom.com\/VPO\/wp-content\/uploads\/2017\/02\/Skan_1_10th-Floor-at-the-NYX-Milan-c-Marco-Curatolo-LAB-C3-150x150.jpg\" class=\"attachment-thumbnail size-thumbnail\" alt=\"\" loading=\"lazy\" \/><\/a>\n\t\t\t<\/dt><\/dl><br style=\"clear: both\" \/>\n\t\t<\/div>\n\n[\/et_pb_text][\/et_pb_column][\/et_pb_row][\/et_pb_section]\n","protected":false},"excerpt":{"rendered":"<p><div class=\"et_pb_section et_pb_section_0 et_section_regular\" >\n\t\t\t\t\n\t\t\t\t\n\t\t\t\t\n\t\t\t\t\n\t\t\t\t\n\t\t\t\t\n\t\t\t\t\n\t\t\t\t\n\t\t\t\t\n\t\t\t<\/div><div class=\"et_pb_row et_pb_row_0 et_pb_row_empty\">\n\t\t\t\t\n\t\t\t\t\n\t\t\t\t\n\t\t\t\t\n\t\t\t\t\n\t\t\t<\/div><div class=\"et_pb_row et_pb_row_1 et_pb_row_empty\">\n\t\t\t\t\n\t\t\t\t\n\t\t\t\t\n\t\t\t\t\n\t\t\t\t\n\t\t\t<\/div> Chi \u00e8\u00a0Leonardo Hotels Leonardo Hotels \u00e8 la divisione europea di Fattal Hotels Group, gruppo fondato da David Fattal in Israele. Dal 2006, Leonardo Hotels \u00e8 rappresentato sul mercato europeo da oltre 75 strutture in pi\u00f9 di 40 destinazioni. Presente in Germania, Austria, Svizzera, Belgio, Paesi Bassi, Spagna, Ungheria, Repubblica Ceca e Italia, il gruppo, [&hellip;]<\/p>\n","protected":false},"author":1,"featured_media":0,"parent":0,"menu_order":0,"comment_status":"closed","ping_status":"closed","template":"","meta":{"_et_pb_use_builder":"on","_et_pb_old_content":"","_et_gb_content_width":""},"_links":{"self":[{"href":"http:\/\/www.dagcom.com\/VPO\/wp-json\/wp\/v2\/pages\/2694"}],"collection":[{"href":"http:\/\/www.dagcom.com\/VPO\/wp-json\/wp\/v2\/pages"}],"about":[{"href":"http:\/\/www.dagcom.com\/VPO\/wp-json\/wp\/v2\/types\/page"}],"author":[{"embeddable":true,"href":"http:\/\/www.dagcom.com\/VPO\/wp-json\/wp\/v2\/users\/1"}],"replies":[{"embeddable":true,"href":"http:\/\/www.dagcom.com\/VPO\/wp-json\/wp\/v2\/comments?post=2694"}],"version-history":[{"count":13,"href":"http:\/\/www.dagcom.com\/VPO\/wp-json\/wp\/v2\/pages\/2694\/revisions"}],"predecessor-version":[{"id":2722,"href":"http:\/\/www.dagcom.com\/VPO\/wp-json\/wp\/v2\/pages\/2694\/revisions\/2722"}],"wp:attachment":[{"href":"http:\/\/www.dagcom.com\/VPO\/wp-json\/wp\/v2\/media?parent=2694"}],"curies":[{"name":"wp","href":"https:\/\/api.w.org\/{rel}","templated":true}]}}