{"id":2502,"date":"2016-01-31T11:10:57","date_gmt":"2016-01-31T11:10:57","guid":{"rendered":"http:\/\/www.dagcom.com\/VPO\/?page_id=2502"},"modified":"2021-11-18T14:51:00","modified_gmt":"2021-11-18T14:51:00","slug":"villeroy-boch","status":"publish","type":"page","link":"http:\/\/www.dagcom.com\/VPO\/villeroy-boch\/","title":{"rendered":"Villeroy &#038; Boch"},"content":{"rendered":"[et_pb_section fb_built=&#8221;1&#8243; _builder_version=&#8221;4.9.4&#8243; global_colors_info=&#8221;{}&#8221;][et_pb_row column_structure=&#8221;1_3,1_3,1_3&#8243; _builder_version=&#8221;4.9.4&#8243; background_size=&#8221;initial&#8221; background_position=&#8221;top_left&#8221; background_repeat=&#8221;repeat&#8221; global_colors_info=&#8221;{}&#8221;][et_pb_column type=&#8221;1_3&#8243; _builder_version=&#8221;3.25&#8243; custom_padding=&#8221;|||&#8221; global_colors_info=&#8221;{}&#8221; custom_padding__hover=&#8221;|||&#8221;][et_pb_text _builder_version=&#8221;4.9.4&#8243; background_size=&#8221;initial&#8221; background_position=&#8221;top_left&#8221; background_repeat=&#8221;repeat&#8221; global_colors_info=&#8221;{}&#8221;]\n<p>.<\/p>\n[\/et_pb_text][\/et_pb_column][et_pb_column type=&#8221;1_3&#8243; _builder_version=&#8221;3.25&#8243; custom_padding=&#8221;|||&#8221; global_colors_info=&#8221;{}&#8221; custom_padding__hover=&#8221;|||&#8221;][et_pb_text _builder_version=&#8221;4.9.4&#8243; background_size=&#8221;initial&#8221; background_position=&#8221;top_left&#8221; background_repeat=&#8221;repeat&#8221; global_colors_info=&#8221;{}&#8221;]\n<p><a href=\"http:\/\/www.dagcom.com\/VPO\/wp-content\/uploads\/2015\/04\/villeroy.jpg\"><img loading=\"lazy\" class=\"aligncenter size-medium wp-image-2500\" src=\"http:\/\/www.dagcom.com\/VPO\/wp-content\/uploads\/2015\/04\/villeroy-300x191.jpg\" alt=\"villeroy\" width=\"300\" height=\"191\" srcset=\"http:\/\/www.dagcom.com\/VPO\/wp-content\/uploads\/2015\/04\/villeroy-300x191.jpg 300w, http:\/\/www.dagcom.com\/VPO\/wp-content\/uploads\/2015\/04\/villeroy.jpg 748w\" sizes=\"(max-width: 300px) 100vw, 300px\" \/><\/a><\/p>\n[\/et_pb_text][\/et_pb_column][et_pb_column type=&#8221;1_3&#8243; _builder_version=&#8221;3.25&#8243; custom_padding=&#8221;|||&#8221; global_colors_info=&#8221;{}&#8221; custom_padding__hover=&#8221;|||&#8221;][et_pb_text _builder_version=&#8221;4.9.4&#8243; background_size=&#8221;initial&#8221; background_position=&#8221;top_left&#8221; background_repeat=&#8221;repeat&#8221; global_colors_info=&#8221;{}&#8221;]\n<p style=\"text-align: right;\">.<\/p>\n[\/et_pb_text][\/et_pb_column][\/et_pb_row][et_pb_row _builder_version=&#8221;4.9.4&#8243; background_size=&#8221;initial&#8221; background_position=&#8221;top_left&#8221; background_repeat=&#8221;repeat&#8221; global_colors_info=&#8221;{}&#8221;][et_pb_column type=&#8221;4_4&#8243; _builder_version=&#8221;3.25&#8243; custom_padding=&#8221;|||&#8221; global_colors_info=&#8221;{}&#8221; custom_padding__hover=&#8221;|||&#8221;][et_pb_text _builder_version=&#8221;3.27.4&#8243; background_size=&#8221;initial&#8221; background_position=&#8221;top_left&#8221; background_repeat=&#8221;repeat&#8221; global_colors_info=&#8221;{}&#8221;]\n<h2 style=\"text-align: center;\">Chi \u00e8 Villeroy &amp; Boch<\/h2>\n<p>&nbsp;<\/p>\n<p>Villeroy &amp; Boch \u00e8 una delle pi\u00f9 importanti realt\u00e0 del mercato dei prodotti in ceramica. L&#8217;azienda di famiglia, fondata a Mettlach \/ Germania nel 1748, \u00e8 sinonimo di <strong>innovazione<\/strong>, <strong>tradizione<\/strong> e <strong>stile inconfondibile<\/strong>. In qualit\u00e0 di brand <em>lifestyle<\/em> di fama europea, l\u2019azienda offre una gamma di prodotti comprendenti articoli relativi ai settori Bath &amp; Wellness e Dining &amp; Lifestyle, ed \u00e8 presente in 125 paesi.<\/p>\n<p><a href=\"http:\/\/villeroy-boch.it\" target=\"_blank\" rel=\"noopener\">www.villeroy-boch.it<\/a><\/p>\n<p>&nbsp;<\/p>\n<p><strong>Contatti Stampa:<\/strong><\/p>\n<p>Ufficio stampa Villeroy &amp; Boch &#8211; Tel. +39 02 89054160 &#8211; email: <a href=\"mailto:vb@dagcom.com\">vb@dagcom.com<\/a>\u00a0<\/p>\n<p>&nbsp;<\/p>\n[\/et_pb_text][\/et_pb_column][\/et_pb_row][et_pb_row _builder_version=&#8221;3.25&#8243; background_size=&#8221;initial&#8221; background_position=&#8221;top_left&#8221; background_repeat=&#8221;repeat&#8221; global_colors_info=&#8221;{}&#8221;][et_pb_column type=&#8221;4_4&#8243; _builder_version=&#8221;3.25&#8243; custom_padding=&#8221;|||&#8221; global_colors_info=&#8221;{}&#8221; custom_padding__hover=&#8221;|||&#8221;][et_pb_text admin_label=&#8221;Press Kit Fuorisalone 2018&#8243; _builder_version=&#8221;4.9.4&#8243; global_colors_info=&#8221;{}&#8221;]\n<h2 style=\"text-align: center;\"><strong><span style=\"color: #000000;\">Aperitivo di Natale 2021<\/span><\/strong><\/h2>\n[\/et_pb_text][et_pb_blog fullwidth=&#8221;off&#8221; include_categories=&#8221;128&#8243; show_author=&#8221;off&#8221; show_date=&#8221;off&#8221; show_categories=&#8221;off&#8221; show_pagination=&#8221;off&#8221; _builder_version=&#8221;4.13.1&#8243; pagination_font_size_tablet=&#8221;51&#8243; pagination_line_height_tablet=&#8221;2&#8243; global_colors_info=&#8221;{}&#8221;][\/et_pb_blog][\/et_pb_column][\/et_pb_row][et_pb_row _builder_version=&#8221;3.25&#8243; background_size=&#8221;initial&#8221; background_position=&#8221;top_left&#8221; background_repeat=&#8221;repeat&#8221; global_colors_info=&#8221;{}&#8221;][et_pb_column type=&#8221;4_4&#8243; _builder_version=&#8221;3.25&#8243; custom_padding=&#8221;|||&#8221; global_colors_info=&#8221;{}&#8221; custom_padding__hover=&#8221;|||&#8221;][et_pb_text admin_label=&#8221;Press Kit Fuorisalone 2018&#8243; _builder_version=&#8221;3.27.4&#8243; global_colors_info=&#8221;{}&#8221;]\n<h2 style=\"text-align: center;\"><span style=\"font-size: 18pt;\"><span style=\"color: #000000;\">Fuorisalone 2018 &#8211; Press Kit <em>Feeling at<\/em><\/span><span style=\"color: #000000;\"><em> Ho<\/em><\/span><span style=\"color: #000000;\"><em>me<\/em><\/span><\/span><\/h2>\n[\/et_pb_text][et_pb_blog fullwidth=&#8221;off&#8221; include_categories=&#8221;116&#8243; show_author=&#8221;off&#8221; show_date=&#8221;off&#8221; show_categories=&#8221;off&#8221; show_pagination=&#8221;off&#8221; _builder_version=&#8221;3.0.105&#8243; pagination_font_size_tablet=&#8221;51&#8243; pagination_line_height_tablet=&#8221;2&#8243; global_colors_info=&#8221;{}&#8221;][\/et_pb_blog][\/et_pb_column][\/et_pb_row][et_pb_row _builder_version=&#8221;3.25&#8243; background_size=&#8221;initial&#8221; background_position=&#8221;top_left&#8221; background_repeat=&#8221;repeat&#8221; global_colors_info=&#8221;{}&#8221;][et_pb_column type=&#8221;4_4&#8243; _builder_version=&#8221;3.25&#8243; custom_padding=&#8221;|||&#8221; global_colors_info=&#8221;{}&#8221; custom_padding__hover=&#8221;|||&#8221;][et_pb_text _builder_version=&#8221;4.9.4&#8243; background_size=&#8221;initial&#8221; background_position=&#8221;top_left&#8221; background_repeat=&#8221;repeat&#8221; global_colors_info=&#8221;{}&#8221;]\n<p style=\"text-align: center;\"><span style=\"font-size: 18pt; color: #000000;\">Comunicati stampa\u00a0Arti della Tavola 2017<\/span><\/p>\n[\/et_pb_text][et_pb_blog fullwidth=&#8221;off&#8221; posts_number=&#8221;20&#8243; include_categories=&#8221;102&#8243; meta_date=&#8221; j M Y&#8221; show_more=&#8221;on&#8221; show_author=&#8221;off&#8221; show_categories=&#8221;off&#8221; _builder_version=&#8221;3.0.94&#8243; global_colors_info=&#8221;{}&#8221;][\/et_pb_blog][\/et_pb_column][\/et_pb_row][\/et_pb_section]\n","protected":false},"excerpt":{"rendered":"<p>..Chi \u00e8 Villeroy &amp; Boch &nbsp; Villeroy &amp; Boch \u00e8 una delle pi\u00f9 importanti realt\u00e0 del mercato dei prodotti in ceramica. L&#8217;azienda di famiglia, fondata a Mettlach \/ Germania nel 1748, \u00e8 sinonimo di innovazione, tradizione e stile inconfondibile. In qualit\u00e0 di brand lifestyle di fama europea, l\u2019azienda offre una gamma di prodotti comprendenti articoli [&hellip;]<\/p>\n","protected":false},"author":1,"featured_media":0,"parent":0,"menu_order":0,"comment_status":"open","ping_status":"open","template":"","meta":{"_et_pb_use_builder":"on","_et_pb_old_content":"","_et_gb_content_width":""},"_links":{"self":[{"href":"http:\/\/www.dagcom.com\/VPO\/wp-json\/wp\/v2\/pages\/2502"}],"collection":[{"href":"http:\/\/www.dagcom.com\/VPO\/wp-json\/wp\/v2\/pages"}],"about":[{"href":"http:\/\/www.dagcom.com\/VPO\/wp-json\/wp\/v2\/types\/page"}],"author":[{"embeddable":true,"href":"http:\/\/www.dagcom.com\/VPO\/wp-json\/wp\/v2\/users\/1"}],"replies":[{"embeddable":true,"href":"http:\/\/www.dagcom.com\/VPO\/wp-json\/wp\/v2\/comments?post=2502"}],"version-history":[{"count":39,"href":"http:\/\/www.dagcom.com\/VPO\/wp-json\/wp\/v2\/pages\/2502\/revisions"}],"predecessor-version":[{"id":3629,"href":"http:\/\/www.dagcom.com\/VPO\/wp-json\/wp\/v2\/pages\/2502\/revisions\/3629"}],"wp:attachment":[{"href":"http:\/\/www.dagcom.com\/VPO\/wp-json\/wp\/v2\/media?parent=2502"}],"curies":[{"name":"wp","href":"https:\/\/api.w.org\/{rel}","templated":true}]}}